{"id":2598,"date":"2020-11-10T17:44:40","date_gmt":"2020-11-10T16:44:40","guid":{"rendered":"http:\/\/charlotte-lefebvre.winkstrategies.com\/produit\/cactus-trio\/"},"modified":"2020-12-02T17:19:28","modified_gmt":"2020-12-02T22:19:28","slug":"cactus-trio","status":"publish","type":"product","link":"https:\/\/cldesignfloral.com\/en\/produit\/cactus-trio\/","title":{"rendered":"Cactus trio"},"content":{"rendered":"<p>Trio of cactus in its glass bubbles for a touch of naturalness in your home.Trio of cactus in its glass bubbles for a touch of naturalness in your home.Trio of cactus<\/p>\n","protected":false},"excerpt":{"rendered":"<p>Cactus trio in its glass bubbles.<\/p>\n<p><A touch of naturalness for your interior. We offer you a wide range of plant arrangements that have a very good lifespan and require little maintenance. Glass bubble size = 4 \"W x 3.5 \"H and 4.75 \"W x 3.5 \"H<\/p>\n","protected":false},"featured_media":1538,"comment_status":"open","ping_status":"closed","template":"","meta":[],"product_cat":[89],"product_tag":[],"acf":[],"yoast_head":"<!-- This site is optimized with the Yoast SEO plugin v18.5.1 - https:\/\/yoast.com\/wordpress\/plugins\/seo\/ -->\n<title>Cactus trio - Charlotte Lefebvre<\/title>\n<meta name=\"description\" content=\"Trio de cactus dans ses bulles de verre. &lt;Une touche de naturel pour votre int\u00e9rieur. Nous vous proposons une large gamme d&#039;arrangements de plantes qui ont une tr\u00e8s bonne dur\u00e9e de vie et n\u00e9cessitent peu d&#039;entretien.\" \/>\n<meta name=\"robots\" content=\"index, follow, max-snippet:-1, max-image-preview:large, max-video-preview:-1\" \/>\n<link rel=\"canonical\" href=\"https:\/\/cldesignfloral.com\/en\/produit\/cactus-trio\/\" \/>\n<meta property=\"og:locale\" content=\"en_US\" \/>\n<meta property=\"og:type\" content=\"article\" \/>\n<meta property=\"og:title\" content=\"Cactus trio - Charlotte Lefebvre\" \/>\n<meta property=\"og:description\" content=\"Trio de cactus dans ses bulles de verre. &lt;Une touche de naturel pour votre int\u00e9rieur. Nous vous proposons une large gamme d&#039;arrangements de plantes qui ont une tr\u00e8s bonne dur\u00e9e de vie et n\u00e9cessitent peu d&#039;entretien.\" \/>\n<meta property=\"og:url\" content=\"https:\/\/cldesignfloral.com\/en\/produit\/cactus-trio\/\" \/>\n<meta property=\"og:site_name\" content=\"Charlotte Lefebvre\" \/>\n<meta property=\"article:modified_time\" content=\"2020-12-02T22:19:28+00:00\" \/>\n<meta property=\"og:image\" content=\"https:\/\/cldesignfloral.com\/wp-content\/uploads\/2020\/11\/7@2x-min.jpg\" \/>\n\t<meta property=\"og:image:width\" content=\"1601\" \/>\n\t<meta property=\"og:image:height\" content=\"1302\" \/>\n\t<meta property=\"og:image:type\" content=\"image\/jpeg\" \/>\n<meta name=\"twitter:card\" content=\"summary_large_image\" \/>\n<script type=\"application\/ld+json\" class=\"yoast-schema-graph\">{\"@context\":\"https:\/\/schema.org\",\"@graph\":[{\"@type\":\"WebSite\",\"@id\":\"https:\/\/cldesignfloral.com\/en\/#website\",\"url\":\"https:\/\/cldesignfloral.com\/en\/\",\"name\":\"Charlotte Lefebvre\",\"description\":\"Floral Design\",\"potentialAction\":[{\"@type\":\"SearchAction\",\"target\":{\"@type\":\"EntryPoint\",\"urlTemplate\":\"https:\/\/cldesignfloral.com\/en\/?s={search_term_string}\"},\"query-input\":\"required name=search_term_string\"}],\"inLanguage\":\"en-US\"},{\"@type\":\"ImageObject\",\"@id\":\"https:\/\/cldesignfloral.com\/en\/produit\/cactus-trio\/#primaryimage\",\"inLanguage\":\"en-US\",\"url\":\"https:\/\/cldesignfloral.com\/wp-content\/uploads\/2020\/11\/7@2x-min.jpg\",\"contentUrl\":\"https:\/\/cldesignfloral.com\/wp-content\/uploads\/2020\/11\/7@2x-min.jpg\",\"width\":1601,\"height\":1302,\"caption\":\"Arrangement de trio de cactus\"},{\"@type\":\"WebPage\",\"@id\":\"https:\/\/cldesignfloral.com\/en\/produit\/cactus-trio\/#webpage\",\"url\":\"https:\/\/cldesignfloral.com\/en\/produit\/cactus-trio\/\",\"name\":\"Cactus trio - Charlotte Lefebvre\",\"isPartOf\":{\"@id\":\"https:\/\/cldesignfloral.com\/en\/#website\"},\"primaryImageOfPage\":{\"@id\":\"https:\/\/cldesignfloral.com\/en\/produit\/cactus-trio\/#primaryimage\"},\"datePublished\":\"2020-11-10T16:44:40+00:00\",\"dateModified\":\"2020-12-02T22:19:28+00:00\",\"description\":\"Trio de cactus dans ses bulles de verre. &lt;Une touche de naturel pour votre int\u00e9rieur. Nous vous proposons une large gamme d&#039;arrangements de plantes qui ont une tr\u00e8s bonne dur\u00e9e de vie et n\u00e9cessitent peu d&#039;entretien.\",\"breadcrumb\":{\"@id\":\"https:\/\/cldesignfloral.com\/en\/produit\/cactus-trio\/#breadcrumb\"},\"inLanguage\":\"en-US\",\"potentialAction\":[{\"@type\":\"ReadAction\",\"target\":[\"https:\/\/cldesignfloral.com\/en\/produit\/cactus-trio\/\"]}]},{\"@type\":\"BreadcrumbList\",\"@id\":\"https:\/\/cldesignfloral.com\/en\/produit\/cactus-trio\/#breadcrumb\",\"itemListElement\":[{\"@type\":\"ListItem\",\"position\":1,\"name\":\"Accueil\",\"item\":\"https:\/\/cldesignfloral.com\/en\/\"},{\"@type\":\"ListItem\",\"position\":2,\"name\":\"Shop\",\"item\":\"https:\/\/cldesignfloral.com\/en\/shop\/\"},{\"@type\":\"ListItem\",\"position\":3,\"name\":\"Cactus trio\"}]}]}<\/script>\n<!-- \/ Yoast SEO plugin. -->","yoast_head_json":{"title":"Cactus trio - Charlotte Lefebvre","description":"Trio de cactus dans ses bulles de verre. &lt;Une touche de naturel pour votre int\u00e9rieur. Nous vous proposons une large gamme d&#039;arrangements de plantes qui ont une tr\u00e8s bonne dur\u00e9e de vie et n\u00e9cessitent peu d&#039;entretien.","robots":{"index":"index","follow":"follow","max-snippet":"max-snippet:-1","max-image-preview":"max-image-preview:large","max-video-preview":"max-video-preview:-1"},"canonical":"https:\/\/cldesignfloral.com\/en\/produit\/cactus-trio\/","og_locale":"en_US","og_type":"article","og_title":"Cactus trio - Charlotte Lefebvre","og_description":"Trio de cactus dans ses bulles de verre. &lt;Une touche de naturel pour votre int\u00e9rieur. Nous vous proposons une large gamme d&#039;arrangements de plantes qui ont une tr\u00e8s bonne dur\u00e9e de vie et n\u00e9cessitent peu d&#039;entretien.","og_url":"https:\/\/cldesignfloral.com\/en\/produit\/cactus-trio\/","og_site_name":"Charlotte Lefebvre","article_modified_time":"2020-12-02T22:19:28+00:00","og_image":[{"width":1601,"height":1302,"url":"https:\/\/cldesignfloral.com\/wp-content\/uploads\/2020\/11\/7@2x-min.jpg","type":"image\/jpeg"}],"twitter_card":"summary_large_image","schema":{"@context":"https:\/\/schema.org","@graph":[{"@type":"WebSite","@id":"https:\/\/cldesignfloral.com\/en\/#website","url":"https:\/\/cldesignfloral.com\/en\/","name":"Charlotte Lefebvre","description":"Floral Design","potentialAction":[{"@type":"SearchAction","target":{"@type":"EntryPoint","urlTemplate":"https:\/\/cldesignfloral.com\/en\/?s={search_term_string}"},"query-input":"required name=search_term_string"}],"inLanguage":"en-US"},{"@type":"ImageObject","@id":"https:\/\/cldesignfloral.com\/en\/produit\/cactus-trio\/#primaryimage","inLanguage":"en-US","url":"https:\/\/cldesignfloral.com\/wp-content\/uploads\/2020\/11\/7@2x-min.jpg","contentUrl":"https:\/\/cldesignfloral.com\/wp-content\/uploads\/2020\/11\/7@2x-min.jpg","width":1601,"height":1302,"caption":"Arrangement de trio de cactus"},{"@type":"WebPage","@id":"https:\/\/cldesignfloral.com\/en\/produit\/cactus-trio\/#webpage","url":"https:\/\/cldesignfloral.com\/en\/produit\/cactus-trio\/","name":"Cactus trio - Charlotte Lefebvre","isPartOf":{"@id":"https:\/\/cldesignfloral.com\/en\/#website"},"primaryImageOfPage":{"@id":"https:\/\/cldesignfloral.com\/en\/produit\/cactus-trio\/#primaryimage"},"datePublished":"2020-11-10T16:44:40+00:00","dateModified":"2020-12-02T22:19:28+00:00","description":"Trio de cactus dans ses bulles de verre. &lt;Une touche de naturel pour votre int\u00e9rieur. Nous vous proposons une large gamme d&#039;arrangements de plantes qui ont une tr\u00e8s bonne dur\u00e9e de vie et n\u00e9cessitent peu d&#039;entretien.","breadcrumb":{"@id":"https:\/\/cldesignfloral.com\/en\/produit\/cactus-trio\/#breadcrumb"},"inLanguage":"en-US","potentialAction":[{"@type":"ReadAction","target":["https:\/\/cldesignfloral.com\/en\/produit\/cactus-trio\/"]}]},{"@type":"BreadcrumbList","@id":"https:\/\/cldesignfloral.com\/en\/produit\/cactus-trio\/#breadcrumb","itemListElement":[{"@type":"ListItem","position":1,"name":"Accueil","item":"https:\/\/cldesignfloral.com\/en\/"},{"@type":"ListItem","position":2,"name":"Shop","item":"https:\/\/cldesignfloral.com\/en\/shop\/"},{"@type":"ListItem","position":3,"name":"Cactus trio"}]}]}},"_links":{"self":[{"href":"https:\/\/cldesignfloral.com\/en\/wp-json\/wp\/v2\/product\/2598"}],"collection":[{"href":"https:\/\/cldesignfloral.com\/en\/wp-json\/wp\/v2\/product"}],"about":[{"href":"https:\/\/cldesignfloral.com\/en\/wp-json\/wp\/v2\/types\/product"}],"replies":[{"embeddable":true,"href":"https:\/\/cldesignfloral.com\/en\/wp-json\/wp\/v2\/comments?post=2598"}],"wp:featuredmedia":[{"embeddable":true,"href":"https:\/\/cldesignfloral.com\/en\/wp-json\/wp\/v2\/media\/1538"}],"wp:attachment":[{"href":"https:\/\/cldesignfloral.com\/en\/wp-json\/wp\/v2\/media?parent=2598"}],"wp:term":[{"taxonomy":"product_cat","embeddable":true,"href":"https:\/\/cldesignfloral.com\/en\/wp-json\/wp\/v2\/product_cat?post=2598"},{"taxonomy":"product_tag","embeddable":true,"href":"https:\/\/cldesignfloral.com\/en\/wp-json\/wp\/v2\/product_tag?post=2598"}],"curies":[{"name":"wp","href":"https:\/\/api.w.org\/{rel}","templated":true}]}}