{"id":2616,"date":"2020-11-06T20:42:06","date_gmt":"2020-11-06T19:42:06","guid":{"rendered":"http:\/\/charlotte-lefebvre.winkstrategies.com\/produit\/glass-ball-with-dried-flowers\/"},"modified":"2020-11-06T20:42:06","modified_gmt":"2020-11-06T19:42:06","slug":"glass-ball-with-dried-flowers","status":"publish","type":"product","link":"https:\/\/cldesignfloral.com\/en\/produit\/glass-ball-with-dried-flowers\/","title":{"rendered":"Glass ball with dried flowers"},"content":{"rendered":"<p><Glass ball with dried flowers. We can change the color of the roses (pale pink, sand, pale blue or red).<br \/>\nDiameter of the ball = 5&#8243;<\/p>\n","protected":false},"excerpt":{"rendered":"<p><Glass ball with dried flowers. We can change the color of the roses (pale pink, sand, pale blue or red).<br \/>\nDiameter of the ball = 5&#8243;<\/p>\n","protected":false},"featured_media":1253,"comment_status":"open","ping_status":"closed","template":"","meta":[],"product_cat":[93],"product_tag":[],"acf":[],"yoast_head":"<!-- This site is optimized with the Yoast SEO plugin v18.5.1 - https:\/\/yoast.com\/wordpress\/plugins\/seo\/ -->\n<title>Glass ball with dried flowers - Charlotte Lefebvre<\/title>\n<meta name=\"description\" content=\"Boule en verre avec fleurs s\u00e9ch\u00e9es. Un bel arrangement intemporel aux \u00e9clats d\u2019antan pour apporter une touche d\u00e9corative \u00e0 votre pi\u00e8ce.\" \/>\n<meta name=\"robots\" content=\"index, follow, max-snippet:-1, max-image-preview:large, max-video-preview:-1\" \/>\n<link rel=\"canonical\" href=\"https:\/\/cldesignfloral.com\/en\/produit\/glass-ball-with-dried-flowers\/\" \/>\n<meta property=\"og:locale\" content=\"en_US\" \/>\n<meta property=\"og:type\" content=\"article\" \/>\n<meta property=\"og:title\" content=\"Glass ball with dried flowers - Charlotte Lefebvre\" \/>\n<meta property=\"og:description\" content=\"Boule en verre avec fleurs s\u00e9ch\u00e9es. Un bel arrangement intemporel aux \u00e9clats d\u2019antan pour apporter une touche d\u00e9corative \u00e0 votre pi\u00e8ce.\" \/>\n<meta property=\"og:url\" content=\"https:\/\/cldesignfloral.com\/en\/produit\/glass-ball-with-dried-flowers\/\" \/>\n<meta property=\"og:site_name\" content=\"Charlotte Lefebvre\" \/>\n<meta property=\"og:image\" content=\"https:\/\/cldesignfloral.com\/wp-content\/uploads\/2020\/11\/2-7-scaled.jpg\" \/>\n\t<meta property=\"og:image:width\" content=\"2560\" \/>\n\t<meta property=\"og:image:height\" content=\"2376\" \/>\n\t<meta property=\"og:image:type\" content=\"image\/jpeg\" \/>\n<meta name=\"twitter:card\" content=\"summary_large_image\" \/>\n<script type=\"application\/ld+json\" class=\"yoast-schema-graph\">{\"@context\":\"https:\/\/schema.org\",\"@graph\":[{\"@type\":\"WebSite\",\"@id\":\"https:\/\/cldesignfloral.com\/en\/#website\",\"url\":\"https:\/\/cldesignfloral.com\/en\/\",\"name\":\"Charlotte Lefebvre\",\"description\":\"Floral Design\",\"potentialAction\":[{\"@type\":\"SearchAction\",\"target\":{\"@type\":\"EntryPoint\",\"urlTemplate\":\"https:\/\/cldesignfloral.com\/en\/?s={search_term_string}\"},\"query-input\":\"required name=search_term_string\"}],\"inLanguage\":\"en-US\"},{\"@type\":\"ImageObject\",\"@id\":\"https:\/\/cldesignfloral.com\/en\/produit\/glass-ball-with-dried-flowers\/#primaryimage\",\"inLanguage\":\"en-US\",\"url\":\"https:\/\/cldesignfloral.com\/wp-content\/uploads\/2020\/11\/2-7-scaled.jpg\",\"contentUrl\":\"https:\/\/cldesignfloral.com\/wp-content\/uploads\/2020\/11\/2-7-scaled.jpg\",\"width\":2560,\"height\":2376,\"caption\":\"Glass ball with dried flowers.\"},{\"@type\":\"WebPage\",\"@id\":\"https:\/\/cldesignfloral.com\/en\/produit\/glass-ball-with-dried-flowers\/#webpage\",\"url\":\"https:\/\/cldesignfloral.com\/en\/produit\/glass-ball-with-dried-flowers\/\",\"name\":\"Glass ball with dried flowers - Charlotte Lefebvre\",\"isPartOf\":{\"@id\":\"https:\/\/cldesignfloral.com\/en\/#website\"},\"primaryImageOfPage\":{\"@id\":\"https:\/\/cldesignfloral.com\/en\/produit\/glass-ball-with-dried-flowers\/#primaryimage\"},\"datePublished\":\"2020-11-06T19:42:06+00:00\",\"dateModified\":\"2020-11-06T19:42:06+00:00\",\"description\":\"Boule en verre avec fleurs s\u00e9ch\u00e9es. Un bel arrangement intemporel aux \u00e9clats d\u2019antan pour apporter une touche d\u00e9corative \u00e0 votre pi\u00e8ce.\",\"breadcrumb\":{\"@id\":\"https:\/\/cldesignfloral.com\/en\/produit\/glass-ball-with-dried-flowers\/#breadcrumb\"},\"inLanguage\":\"en-US\",\"potentialAction\":[{\"@type\":\"ReadAction\",\"target\":[\"https:\/\/cldesignfloral.com\/en\/produit\/glass-ball-with-dried-flowers\/\"]}]},{\"@type\":\"BreadcrumbList\",\"@id\":\"https:\/\/cldesignfloral.com\/en\/produit\/glass-ball-with-dried-flowers\/#breadcrumb\",\"itemListElement\":[{\"@type\":\"ListItem\",\"position\":1,\"name\":\"Accueil\",\"item\":\"https:\/\/cldesignfloral.com\/en\/\"},{\"@type\":\"ListItem\",\"position\":2,\"name\":\"Shop\",\"item\":\"https:\/\/cldesignfloral.com\/en\/shop\/\"},{\"@type\":\"ListItem\",\"position\":3,\"name\":\"Glass ball with dried flowers\"}]}]}<\/script>\n<!-- \/ Yoast SEO plugin. -->","yoast_head_json":{"title":"Glass ball with dried flowers - Charlotte Lefebvre","description":"Boule en verre avec fleurs s\u00e9ch\u00e9es. Un bel arrangement intemporel aux \u00e9clats d\u2019antan pour apporter une touche d\u00e9corative \u00e0 votre pi\u00e8ce.","robots":{"index":"index","follow":"follow","max-snippet":"max-snippet:-1","max-image-preview":"max-image-preview:large","max-video-preview":"max-video-preview:-1"},"canonical":"https:\/\/cldesignfloral.com\/en\/produit\/glass-ball-with-dried-flowers\/","og_locale":"en_US","og_type":"article","og_title":"Glass ball with dried flowers - Charlotte Lefebvre","og_description":"Boule en verre avec fleurs s\u00e9ch\u00e9es. Un bel arrangement intemporel aux \u00e9clats d\u2019antan pour apporter une touche d\u00e9corative \u00e0 votre pi\u00e8ce.","og_url":"https:\/\/cldesignfloral.com\/en\/produit\/glass-ball-with-dried-flowers\/","og_site_name":"Charlotte Lefebvre","og_image":[{"width":2560,"height":2376,"url":"https:\/\/cldesignfloral.com\/wp-content\/uploads\/2020\/11\/2-7-scaled.jpg","type":"image\/jpeg"}],"twitter_card":"summary_large_image","schema":{"@context":"https:\/\/schema.org","@graph":[{"@type":"WebSite","@id":"https:\/\/cldesignfloral.com\/en\/#website","url":"https:\/\/cldesignfloral.com\/en\/","name":"Charlotte Lefebvre","description":"Floral Design","potentialAction":[{"@type":"SearchAction","target":{"@type":"EntryPoint","urlTemplate":"https:\/\/cldesignfloral.com\/en\/?s={search_term_string}"},"query-input":"required name=search_term_string"}],"inLanguage":"en-US"},{"@type":"ImageObject","@id":"https:\/\/cldesignfloral.com\/en\/produit\/glass-ball-with-dried-flowers\/#primaryimage","inLanguage":"en-US","url":"https:\/\/cldesignfloral.com\/wp-content\/uploads\/2020\/11\/2-7-scaled.jpg","contentUrl":"https:\/\/cldesignfloral.com\/wp-content\/uploads\/2020\/11\/2-7-scaled.jpg","width":2560,"height":2376,"caption":"Glass ball with dried flowers."},{"@type":"WebPage","@id":"https:\/\/cldesignfloral.com\/en\/produit\/glass-ball-with-dried-flowers\/#webpage","url":"https:\/\/cldesignfloral.com\/en\/produit\/glass-ball-with-dried-flowers\/","name":"Glass ball with dried flowers - Charlotte Lefebvre","isPartOf":{"@id":"https:\/\/cldesignfloral.com\/en\/#website"},"primaryImageOfPage":{"@id":"https:\/\/cldesignfloral.com\/en\/produit\/glass-ball-with-dried-flowers\/#primaryimage"},"datePublished":"2020-11-06T19:42:06+00:00","dateModified":"2020-11-06T19:42:06+00:00","description":"Boule en verre avec fleurs s\u00e9ch\u00e9es. Un bel arrangement intemporel aux \u00e9clats d\u2019antan pour apporter une touche d\u00e9corative \u00e0 votre pi\u00e8ce.","breadcrumb":{"@id":"https:\/\/cldesignfloral.com\/en\/produit\/glass-ball-with-dried-flowers\/#breadcrumb"},"inLanguage":"en-US","potentialAction":[{"@type":"ReadAction","target":["https:\/\/cldesignfloral.com\/en\/produit\/glass-ball-with-dried-flowers\/"]}]},{"@type":"BreadcrumbList","@id":"https:\/\/cldesignfloral.com\/en\/produit\/glass-ball-with-dried-flowers\/#breadcrumb","itemListElement":[{"@type":"ListItem","position":1,"name":"Accueil","item":"https:\/\/cldesignfloral.com\/en\/"},{"@type":"ListItem","position":2,"name":"Shop","item":"https:\/\/cldesignfloral.com\/en\/shop\/"},{"@type":"ListItem","position":3,"name":"Glass ball with dried flowers"}]}]}},"_links":{"self":[{"href":"https:\/\/cldesignfloral.com\/en\/wp-json\/wp\/v2\/product\/2616"}],"collection":[{"href":"https:\/\/cldesignfloral.com\/en\/wp-json\/wp\/v2\/product"}],"about":[{"href":"https:\/\/cldesignfloral.com\/en\/wp-json\/wp\/v2\/types\/product"}],"replies":[{"embeddable":true,"href":"https:\/\/cldesignfloral.com\/en\/wp-json\/wp\/v2\/comments?post=2616"}],"wp:featuredmedia":[{"embeddable":true,"href":"https:\/\/cldesignfloral.com\/en\/wp-json\/wp\/v2\/media\/1253"}],"wp:attachment":[{"href":"https:\/\/cldesignfloral.com\/en\/wp-json\/wp\/v2\/media?parent=2616"}],"wp:term":[{"taxonomy":"product_cat","embeddable":true,"href":"https:\/\/cldesignfloral.com\/en\/wp-json\/wp\/v2\/product_cat?post=2616"},{"taxonomy":"product_tag","embeddable":true,"href":"https:\/\/cldesignfloral.com\/en\/wp-json\/wp\/v2\/product_tag?post=2616"}],"curies":[{"name":"wp","href":"https:\/\/api.w.org\/{rel}","templated":true}]}}